            {"id":50,"date":"2025-02-12T20:16:30","date_gmt":"2025-02-12T20:16:30","guid":{"rendered":"https:\/\/hollerichhealthcare.com\/?page_id=50"},"modified":"2025-02-12T20:19:18","modified_gmt":"2025-02-12T20:19:18","slug":"services","status":"publish","type":"page","link":"https:\/\/hollerichhealthcare.com\/de\/services\/","title":{"rendered":"Dienste"},"content":{"rendered":"<div data-elementor-type=\"wp-page\" data-elementor-id=\"50\" class=\"elementor elementor-50\">\n\t\t\t\t<div class=\"elementor-element elementor-element-903a586 e-flex e-con-boxed e-con e-parent\" data-id=\"903a586\" data-element_type=\"container\" data-e-type=\"container\">\n\t\t\t\t\t<div class=\"e-con-inner\">\n\t\t\t\t<div class=\"elementor-element elementor-element-7cd3b67 elementor-widget elementor-widget-shortcode\" data-id=\"7cd3b67\" data-element_type=\"widget\" data-e-type=\"widget\" data-widget_type=\"shortcode.default\">\n\t\t\t\t<div class=\"elementor-widget-container\">\n\t\t\t\t\t\t\t<div class=\"elementor-shortcode\"><div class=\"row\">            <div class=\"col-lg-4 col-md-6 col-sm-12\">\n                <div class=\"box-item wow fadeInUp\" style=\"visibility: visible; animation-name: fadeInUp;\">\n                    <div class=\"img\">\n                        <img fetchpriority=\"high\" decoding=\"async\" width=\"1080\" height=\"1080\" src=\"https:\/\/hollerichhealthcare.com\/wp-content\/uploads\/2025\/02\/ortho.jpg\" class=\"attachment-full size-full wp-post-image\" alt=\"\" srcset=\"https:\/\/hollerichhealthcare.com\/wp-content\/uploads\/2025\/02\/ortho.jpg 1080w, https:\/\/hollerichhealthcare.com\/wp-content\/uploads\/2025\/02\/ortho-300x300.jpg 300w, https:\/\/hollerichhealthcare.com\/wp-content\/uploads\/2025\/02\/ortho-1024x1024.jpg 1024w, https:\/\/hollerichhealthcare.com\/wp-content\/uploads\/2025\/02\/ortho-150x150.jpg 150w, https:\/\/hollerichhealthcare.com\/wp-content\/uploads\/2025\/02\/ortho-768x768.jpg 768w, https:\/\/hollerichhealthcare.com\/wp-content\/uploads\/2025\/02\/ortho-12x12.jpg 12w, https:\/\/hollerichhealthcare.com\/wp-content\/uploads\/2025\/02\/ortho-516x516.jpg 516w\" sizes=\"(max-width: 1080px) 100vw, 1080px\" \/>                    <\/div>\n                    <div class=\"box-wrap\">\n                        <div class=\"title\">\n                            <a href=\"https:\/\/hollerichhealthcare.com\/de\/our-services\/dental-implants-2\/\">Kieferorthop\u00e4die<\/a>\n                        <\/div>\n                        <p class=\"pdt-10 text-color-title-sidebar\">\n                            Ein harmonisches L\u00e4cheln in jedem Alter Kieferorthop\u00e4die ist nicht nur etwas f\u00fcr Kinder! Ob es sich um die Korrektur einer Fehlstellung...                        <\/p>\n                        <div class=\"flat-read-more\">\n                            <a href=\"https:\/\/hollerichhealthcare.com\/de\/our-services\/dental-implants-2\/\" class=\"themesflat-button font-default small\">\n                                <span>Read More<i class=\"fa fa-arrow-right\"><\/i><\/span>\n                            <\/a>\n                        <\/div>\n                    <\/div>\n                <\/div>\n                <div class=\"themesflat-spacer clearfix\" data-desktop=\"8\" data-mobile=\"8\" data-smobile=\"8\" style=\"height:8px\"><\/div>\n            <\/div>\n            <div class=\"col-lg-4 col-md-6 col-sm-12\">\n                <div class=\"box-item wow fadeInUp\" style=\"visibility: visible; animation-name: fadeInUp;\">\n                    <div class=\"img\">\n                        <img decoding=\"async\" width=\"1080\" height=\"1080\" src=\"https:\/\/hollerichhealthcare.com\/wp-content\/uploads\/2025\/02\/Pediatrie.jpg\" class=\"attachment-full size-full wp-post-image\" alt=\"\" srcset=\"https:\/\/hollerichhealthcare.com\/wp-content\/uploads\/2025\/02\/Pediatrie.jpg 1080w, https:\/\/hollerichhealthcare.com\/wp-content\/uploads\/2025\/02\/Pediatrie-300x300.jpg 300w, https:\/\/hollerichhealthcare.com\/wp-content\/uploads\/2025\/02\/Pediatrie-1024x1024.jpg 1024w, https:\/\/hollerichhealthcare.com\/wp-content\/uploads\/2025\/02\/Pediatrie-150x150.jpg 150w, https:\/\/hollerichhealthcare.com\/wp-content\/uploads\/2025\/02\/Pediatrie-768x768.jpg 768w, https:\/\/hollerichhealthcare.com\/wp-content\/uploads\/2025\/02\/Pediatrie-12x12.jpg 12w, https:\/\/hollerichhealthcare.com\/wp-content\/uploads\/2025\/02\/Pediatrie-516x516.jpg 516w\" sizes=\"(max-width: 1080px) 100vw, 1080px\" \/>                    <\/div>\n                    <div class=\"box-wrap\">\n                        <div class=\"title\">\n                            <a href=\"https:\/\/hollerichhealthcare.com\/de\/our-services\/pediatric-dentistry-2\/\">P\u00e4diatrie<\/a>\n                        <\/div>\n                        <p class=\"pdt-10 text-color-title-sidebar\">\n                            Angepasste Pflege f\u00fcr Kleinkinder und Jugendliche Unsere Kinder\u00e4rzte \u00fcbernehmen die medizinische Betreuung von Kindern von der Geburt bis zum...                        <\/p>\n                        <div class=\"flat-read-more\">\n                            <a href=\"https:\/\/hollerichhealthcare.com\/de\/our-services\/pediatric-dentistry-2\/\" class=\"themesflat-button font-default small\">\n                                <span>Read More<i class=\"fa fa-arrow-right\"><\/i><\/span>\n                            <\/a>\n                        <\/div>\n                    <\/div>\n                <\/div>\n                <div class=\"themesflat-spacer clearfix\" data-desktop=\"8\" data-mobile=\"8\" data-smobile=\"8\" style=\"height:8px\"><\/div>\n            <\/div>\n            <div class=\"col-lg-4 col-md-6 col-sm-12\">\n                <div class=\"box-item wow fadeInUp\" style=\"visibility: visible; animation-name: fadeInUp;\">\n                    <div class=\"img\">\n                        <img decoding=\"async\" width=\"1080\" height=\"1080\" src=\"https:\/\/hollerichhealthcare.com\/wp-content\/uploads\/2025\/02\/Urgences-Dentaires.jpg\" class=\"attachment-full size-full wp-post-image\" alt=\"\" srcset=\"https:\/\/hollerichhealthcare.com\/wp-content\/uploads\/2025\/02\/Urgences-Dentaires.jpg 1080w, https:\/\/hollerichhealthcare.com\/wp-content\/uploads\/2025\/02\/Urgences-Dentaires-300x300.jpg 300w, https:\/\/hollerichhealthcare.com\/wp-content\/uploads\/2025\/02\/Urgences-Dentaires-1024x1024.jpg 1024w, https:\/\/hollerichhealthcare.com\/wp-content\/uploads\/2025\/02\/Urgences-Dentaires-150x150.jpg 150w, https:\/\/hollerichhealthcare.com\/wp-content\/uploads\/2025\/02\/Urgences-Dentaires-768x768.jpg 768w, https:\/\/hollerichhealthcare.com\/wp-content\/uploads\/2025\/02\/Urgences-Dentaires-12x12.jpg 12w, https:\/\/hollerichhealthcare.com\/wp-content\/uploads\/2025\/02\/Urgences-Dentaires-516x516.jpg 516w\" sizes=\"(max-width: 1080px) 100vw, 1080px\" \/>                    <\/div>\n                    <div class=\"box-wrap\">\n                        <div class=\"title\">\n                            <a href=\"https:\/\/hollerichhealthcare.com\/de\/our-services\/cosmetic-dentistry-2\/\">Zahn\u00e4rztliche Notf\u00e4lle<\/a>\n                        <\/div>\n                        <p class=\"pdt-10 text-color-title-sidebar\">\n                            Eine schnelle Behandlung, um Ihre Schmerzen zu lindern Starke Zahnschmerzen, ein abgebrochener Zahn oder ein Abszess k\u00f6nnen...                        <\/p>\n                        <div class=\"flat-read-more\">\n                            <a href=\"https:\/\/hollerichhealthcare.com\/de\/our-services\/cosmetic-dentistry-2\/\" class=\"themesflat-button font-default small\">\n                                <span>Read More<i class=\"fa fa-arrow-right\"><\/i><\/span>\n                            <\/a>\n                        <\/div>\n                    <\/div>\n                <\/div>\n                <div class=\"themesflat-spacer clearfix\" data-desktop=\"8\" data-mobile=\"8\" data-smobile=\"8\" style=\"height:8px\"><\/div>\n            <\/div>\n            <div class=\"col-lg-4 col-md-6 col-sm-12\">\n                <div class=\"box-item wow fadeInUp\" style=\"visibility: visible; animation-name: fadeInUp;\">\n                    <div class=\"img\">\n                        <img loading=\"lazy\" decoding=\"async\" width=\"1080\" height=\"1080\" src=\"https:\/\/hollerichhealthcare.com\/wp-content\/uploads\/2025\/02\/Kinesitherapie-2.jpg\" class=\"attachment-full size-full wp-post-image\" alt=\"\" srcset=\"https:\/\/hollerichhealthcare.com\/wp-content\/uploads\/2025\/02\/Kinesitherapie-2.jpg 1080w, https:\/\/hollerichhealthcare.com\/wp-content\/uploads\/2025\/02\/Kinesitherapie-2-300x300.jpg 300w, https:\/\/hollerichhealthcare.com\/wp-content\/uploads\/2025\/02\/Kinesitherapie-2-1024x1024.jpg 1024w, https:\/\/hollerichhealthcare.com\/wp-content\/uploads\/2025\/02\/Kinesitherapie-2-150x150.jpg 150w, https:\/\/hollerichhealthcare.com\/wp-content\/uploads\/2025\/02\/Kinesitherapie-2-768x768.jpg 768w, https:\/\/hollerichhealthcare.com\/wp-content\/uploads\/2025\/02\/Kinesitherapie-2-12x12.jpg 12w, https:\/\/hollerichhealthcare.com\/wp-content\/uploads\/2025\/02\/Kinesitherapie-2-516x516.jpg 516w\" sizes=\"(max-width: 1080px) 100vw, 1080px\" \/>                    <\/div>\n                    <div class=\"box-wrap\">\n                        <div class=\"title\">\n                            <a href=\"https:\/\/hollerichhealthcare.com\/de\/our-services\/dental-implants\/\">Physiotherapie<\/a>\n                        <\/div>\n                        <p class=\"pdt-10 text-color-title-sidebar\">\n                            Wiedererlangen von Mobilit\u00e4t und Wohlbefinden dank unserer Physiotherapeuten Unsere Spezialisten f\u00fcr Physiotherapie begleiten Sie bei der Rehabilitation und der Vorbeugung von...                        <\/p>\n                        <div class=\"flat-read-more\">\n                            <a href=\"https:\/\/hollerichhealthcare.com\/de\/our-services\/dental-implants\/\" class=\"themesflat-button font-default small\">\n                                <span>Read More<i class=\"fa fa-arrow-right\"><\/i><\/span>\n                            <\/a>\n                        <\/div>\n                    <\/div>\n                <\/div>\n                <div class=\"themesflat-spacer clearfix\" data-desktop=\"8\" data-mobile=\"8\" data-smobile=\"8\" style=\"height:8px\"><\/div>\n            <\/div>\n            <div class=\"col-lg-4 col-md-6 col-sm-12\">\n                <div class=\"box-item wow fadeInUp\" style=\"visibility: visible; animation-name: fadeInUp;\">\n                    <div class=\"img\">\n                        <img loading=\"lazy\" decoding=\"async\" width=\"1080\" height=\"1080\" src=\"https:\/\/hollerichhealthcare.com\/wp-content\/uploads\/2025\/02\/Soins-esthetiques.jpg\" class=\"attachment-full size-full wp-post-image\" alt=\"\" srcset=\"https:\/\/hollerichhealthcare.com\/wp-content\/uploads\/2025\/02\/Soins-esthetiques.jpg 1080w, https:\/\/hollerichhealthcare.com\/wp-content\/uploads\/2025\/02\/Soins-esthetiques-300x300.jpg 300w, https:\/\/hollerichhealthcare.com\/wp-content\/uploads\/2025\/02\/Soins-esthetiques-1024x1024.jpg 1024w, https:\/\/hollerichhealthcare.com\/wp-content\/uploads\/2025\/02\/Soins-esthetiques-150x150.jpg 150w, https:\/\/hollerichhealthcare.com\/wp-content\/uploads\/2025\/02\/Soins-esthetiques-768x768.jpg 768w, https:\/\/hollerichhealthcare.com\/wp-content\/uploads\/2025\/02\/Soins-esthetiques-12x12.jpg 12w, https:\/\/hollerichhealthcare.com\/wp-content\/uploads\/2025\/02\/Soins-esthetiques-516x516.jpg 516w\" sizes=\"(max-width: 1080px) 100vw, 1080px\" \/>                    <\/div>\n                    <div class=\"box-wrap\">\n                        <div class=\"title\">\n                            <a href=\"https:\/\/hollerichhealthcare.com\/de\/our-services\/pediatric-dentistry\/\">\u00c4sthetische Behandlungen<\/a>\n                        <\/div>\n                        <p class=\"pdt-10 text-color-title-sidebar\">\n                            Versch\u00f6nern Sie Ihre Haut mit fortschrittlichen Sch\u00f6nheitsbehandlungen Unsere Experten f\u00fcr Sch\u00f6nheitsbehandlungen bieten Ihnen nicht-invasive Behandlungen zur Verbesserung...                        <\/p>\n                        <div class=\"flat-read-more\">\n                            <a href=\"https:\/\/hollerichhealthcare.com\/de\/our-services\/pediatric-dentistry\/\" class=\"themesflat-button font-default small\">\n                                <span>Read More<i class=\"fa fa-arrow-right\"><\/i><\/span>\n                            <\/a>\n                        <\/div>\n                    <\/div>\n                <\/div>\n                <div class=\"themesflat-spacer clearfix\" data-desktop=\"8\" data-mobile=\"8\" data-smobile=\"8\" style=\"height:8px\"><\/div>\n            <\/div>\n<\/div>\n<\/div>\n\t\t\t\t\t\t<\/div>\n\t\t\t\t<\/div>\n\t\t\t\t\t<\/div>\n\t\t\t\t<\/div>\n\t\t\t\t<\/div>","protected":false},"excerpt":{"rendered":"","protected":false},"author":0,"featured_media":0,"parent":0,"menu_order":0,"comment_status":"closed","ping_status":"closed","template":"","meta":{"footnotes":""},"class_list":["post-50","page","type-page","status-publish","hentry"],"_links":{"self":[{"href":"https:\/\/hollerichhealthcare.com\/de\/wp-json\/wp\/v2\/pages\/50","targetHints":{"allow":["GET"]}}],"collection":[{"href":"https:\/\/hollerichhealthcare.com\/de\/wp-json\/wp\/v2\/pages"}],"about":[{"href":"https:\/\/hollerichhealthcare.com\/de\/wp-json\/wp\/v2\/types\/page"}],"replies":[{"embeddable":true,"href":"https:\/\/hollerichhealthcare.com\/de\/wp-json\/wp\/v2\/comments?post=50"}],"version-history":[{"count":7,"href":"https:\/\/hollerichhealthcare.com\/de\/wp-json\/wp\/v2\/pages\/50\/revisions"}],"predecessor-version":[{"id":59,"href":"https:\/\/hollerichhealthcare.com\/de\/wp-json\/wp\/v2\/pages\/50\/revisions\/59"}],"wp:attachment":[{"href":"https:\/\/hollerichhealthcare.com\/de\/wp-json\/wp\/v2\/media?parent=50"}],"curies":[{"name":"wp","href":"https:\/\/api.w.org\/{rel}","templated":true}]}}