            {"id":74,"date":"2025-02-12T21:26:59","date_gmt":"2025-02-12T21:26:59","guid":{"rendered":"https:\/\/hollerichhealthcare.com\/?page_id=74"},"modified":"2025-03-05T12:54:27","modified_gmt":"2025-03-05T12:54:27","slug":"cgv","status":"publish","type":"page","link":"https:\/\/hollerichhealthcare.com\/de\/cgv\/","title":{"rendered":"AGB"},"content":{"rendered":"<figure class=\"wp-block-image size-full\"><img fetchpriority=\"high\" decoding=\"async\" width=\"2000\" height=\"1500\" src=\"https:\/\/hollerichhealthcare.com\/wp-content\/uploads\/2025\/03\/WhatsApp-Image-2025-02-24-at-18.53.45-1.jpeg\" alt=\"\" class=\"wp-image-253\" srcset=\"https:\/\/hollerichhealthcare.com\/wp-content\/uploads\/2025\/03\/WhatsApp-Image-2025-02-24-at-18.53.45-1.jpeg 2000w, https:\/\/hollerichhealthcare.com\/wp-content\/uploads\/2025\/03\/WhatsApp-Image-2025-02-24-at-18.53.45-1-300x225.jpeg 300w, https:\/\/hollerichhealthcare.com\/wp-content\/uploads\/2025\/03\/WhatsApp-Image-2025-02-24-at-18.53.45-1-1024x768.jpeg 1024w, https:\/\/hollerichhealthcare.com\/wp-content\/uploads\/2025\/03\/WhatsApp-Image-2025-02-24-at-18.53.45-1-768x576.jpeg 768w, https:\/\/hollerichhealthcare.com\/wp-content\/uploads\/2025\/03\/WhatsApp-Image-2025-02-24-at-18.53.45-1-1536x1152.jpeg 1536w, https:\/\/hollerichhealthcare.com\/wp-content\/uploads\/2025\/03\/WhatsApp-Image-2025-02-24-at-18.53.45-1-16x12.jpeg 16w, https:\/\/hollerichhealthcare.com\/wp-content\/uploads\/2025\/03\/WhatsApp-Image-2025-02-24-at-18.53.45-1-688x516.jpeg 688w\" sizes=\"(max-width: 2000px) 100vw, 2000px\" \/><\/figure>\n\n\n\n<h3 class=\"wp-block-heading\"><strong>Allgemeine Gesch\u00e4ftsbedingungen (AGB) - Dental Clinic<\/strong><\/h3>\n\n\n\n<h4 class=\"wp-block-heading\">1. <strong>Gegenstand und Anwendungsbereich<\/strong><\/h4>\n\n\n\n<p>Die vorliegenden Allgemeinen Gesch\u00e4ftsbedingungen (AGB) regeln die Beziehungen zwischen dem<br>Hollerich Healthcare center (im Folgenden \"das Zentrum\") und jede Person, die in den Genuss von<br>seine Dienste (im Folgenden \"der Patient\"). Sie legen die Bedingungen f\u00fcr die Durchf\u00fchrung der Pflege fest,<br>der Zahlung, der Absage von Terminen und des Datenschutzes.<br>Die Annahme eines Termins oder einer Behandlung im Zentrum setzt die Zustimmung zu Folgendem voraus<br>voll und ganz an diese AGB gebunden.<\/p>\n\n\n\n<h4 class=\"wp-block-heading\"><strong>2. Leistungen und Preise<\/strong><\/h4>\n\n\n\n<p>Das Zentrum bietet verschiedene zahnmedizinische Behandlungen an, darunter Kieferorthop\u00e4die und Kinderzahnmedizin,<br>Implantologie, Parodontologie, Oralchirurgie und Zahnersatz.<br>Die Preise f\u00fcr \u00e4rztliche und zahn\u00e4rztliche Behandlungen erhalten Sie auf Anfrage am<br>Zentrum. Bestimmte Behandlungen k\u00f6nnen teilweise oder vollst\u00e4ndig von der Kasse \u00fcbernommen werden<br>Nationale Gesundheitsbeh\u00f6rde (CNS) und\/oder durch Zusatzversicherungen.<\/p>\n\n\n\n<h4 class=\"wp-block-heading\"><strong>3. Terminvereinbarung und Absage<\/strong><\/h4>\n\n\n\n<ul class=\"wp-block-list\">\n<li>Die Terminvereinbarung kann telefonisch, online \u00fcber Doctena oder direkt am Empfang des Zentrums erfolgen.<\/li>\n\n\n\n<li>Im Falle einer Verhinderung muss der Patient den Termin mindestens 24 Stunden im Voraus absagen oder verschieben.<\/li>\n\n\n\n<li>F\u00fcr jeden Termin, der nicht innerhalb dieser Frist abgesagt wird, kann eine Abwesenheitsgeb\u00fchr berechnet werden.<\/li>\n<\/ul>\n\n\n\n<h4 class=\"wp-block-heading\"><strong>4. <\/strong>Zahlungsmodalit\u00e4ten und Sofort-Direkt-Zahlung (PID)<\/h4>\n\n\n\n<ul class=\"wp-block-list\">\n<li>Das Hollerich Healthcare Center praktiziert die sofortige Direktzahlung<\/li>\n\n\n\n<li>(PID), ein System, das es dem Patienten erm\u00f6glicht, nur den Teil zu bezahlen, der zum Zeitpunkt der Behandlung nicht von der CNS und\/oder seiner zus\u00e4tzlichen Krankenkasse gedeckt wird.<\/li>\n\n\n\n<li>Dies vereinfacht die Verwaltung der Kostenerstattungen und erspart dem Patienten die Vorauszahlung der gesamten medizinischen Kosten.<\/li>\n\n\n\n<li>Um den PID in Anspruch nehmen zu k\u00f6nnen, muss der Patient eine g\u00fcltige CNS-Karte sowie gegebenenfalls die f\u00fcr die Kosten\u00fcbernahme durch seine Krankenkasse erforderlichen Dokumente vorlegen.<\/li>\n\n\n\n<li>erg\u00e4nzend.<\/li>\n\n\n\n<li>Wenn kein Anspruch auf PID besteht, muss die Bezahlung der Behandlung unmittelbar nach der Konsultation erfolgen.<\/li>\n<\/ul>\n\n\n\n<p>Jede versp\u00e4tete Zahlung kann zur Anwendung von Strafzahlungen gem\u00e4\u00df der<br>geltenden Vorschriften.<\/p>\n\n\n\n<h4 class=\"wp-block-heading\"><strong>Akzeptierte Zahlungsarten<\/strong><\/h4>\n\n\n\n<ul class=\"wp-block-list\">\n<li>Bankkarte<\/li>\n\n\n\n<li>Bank\u00fcberweisung<\/li>\n\n\n\n<li>Bargeld (bis zu den gesetzlich zul\u00e4ssigen Betr\u00e4gen)<\/li>\n<\/ul>\n\n\n\n<h4 class=\"wp-block-heading\">5<strong>. Verantwortung und Verpflichtung des Zentrums<\/strong><\/h4>\n\n\n\n<ul class=\"wp-block-list\">\n<li>Das Zentrum verpflichtet sich zu einer qualitativ hochwertigen Versorgung, die den geltenden medizinischen und zahnmedizinischen Standards entspricht.<\/li>\n\n\n\n<li>Die Patienten werden vor jeder Behandlung \u00fcber Nutzen, Risiken und m\u00f6gliche Alternativen aufgekl\u00e4rt.<\/li>\n\n\n\n<li>Das Zentrum haftet nicht f\u00fcr die Folgen einer Nichtbeachtung der Empfehlungen nach der Behandlung oder einer unzureichenden Nachsorge durch den Patienten.<\/li>\n<\/ul>\n\n\n\n<p><strong>6. Schutz personenbezogener Daten (DSGVO)<\/strong><\/p>\n\n\n\n<p>Gem\u00e4\u00df der Allgemeinen Datenschutzverordnung (DSGVO) ist das Zentrum<br>verpflichtet sich, die pers\u00f6nlichen Daten der Patientinnen und Patienten zu sch\u00fctzen.<br>\u25cf Die gesammelten Informationen werden nur f\u00fcr die Verwaltung der Pflege verwendet und<br>die Rechnungsstellung.<br>\u25cf Die Daten werden nicht an Dritte weitergegeben oder verkauft.<br>\u25cf Der Patient hat ein Recht auf Zugang, Berichtigung und L\u00f6schung seiner<br>Daten durch eine schriftliche Anfrage an das Zentrum.<\/p>\n\n\n\n<h4 class=\"wp-block-heading\"><strong>7. Rechtsstreitigkeiten und anwendbares Recht<\/strong><\/h4>\n\n\n\n<p>Im Falle eines Streits wird eine g\u00fctliche Einigung angestrebt. Andernfalls wird jede<br>Beschwerde kann vor den zust\u00e4ndigen Gerichten in Luxemburg geltend gemacht werden.<\/p>\n\n\n\n<h4 class=\"wp-block-heading\"><strong>8. Kontakt<\/strong><\/h4>\n\n\n\n<p>Hollerich healthcare Center<\/p>\n\n\n\n<p><\/p>","protected":false},"excerpt":{"rendered":"<p>Conditions G\u00e9n\u00e9rales de Vente (CGV) \u2013 Dental Clinic 1. Objet et Champ d\u2019Application Les pr\u00e9sentes Conditions G\u00e9n\u00e9rales de Vente (CGV) r\u00e9gissent les relations entre leHollerich Healthcare center (ci-apr\u00e8s \u00ab\u00a0le Centre\u00a0\u00bb) et toute personne souhaitant b\u00e9n\u00e9ficier deses services (ci-apr\u00e8s \u00ab\u00a0le Patient\u00a0\u00bb). Elles d\u00e9finissent les conditions de r\u00e9alisation des soins,de paiement, d\u2019annulation des rendez-vous et de protection [&hellip;]<\/p>\n","protected":false},"author":0,"featured_media":253,"parent":0,"menu_order":0,"comment_status":"closed","ping_status":"closed","template":"","meta":{"footnotes":""},"class_list":["post-74","page","type-page","status-publish","has-post-thumbnail","hentry"],"_links":{"self":[{"href":"https:\/\/hollerichhealthcare.com\/de\/wp-json\/wp\/v2\/pages\/74","targetHints":{"allow":["GET"]}}],"collection":[{"href":"https:\/\/hollerichhealthcare.com\/de\/wp-json\/wp\/v2\/pages"}],"about":[{"href":"https:\/\/hollerichhealthcare.com\/de\/wp-json\/wp\/v2\/types\/page"}],"replies":[{"embeddable":true,"href":"https:\/\/hollerichhealthcare.com\/de\/wp-json\/wp\/v2\/comments?post=74"}],"version-history":[{"count":3,"href":"https:\/\/hollerichhealthcare.com\/de\/wp-json\/wp\/v2\/pages\/74\/revisions"}],"predecessor-version":[{"id":255,"href":"https:\/\/hollerichhealthcare.com\/de\/wp-json\/wp\/v2\/pages\/74\/revisions\/255"}],"wp:featuredmedia":[{"embeddable":true,"href":"https:\/\/hollerichhealthcare.com\/de\/wp-json\/wp\/v2\/media\/253"}],"wp:attachment":[{"href":"https:\/\/hollerichhealthcare.com\/de\/wp-json\/wp\/v2\/media?parent=74"}],"curies":[{"name":"wp","href":"https:\/\/api.w.org\/{rel}","templated":true}]}}